{"id":802,"date":"2024-08-26T01:14:55","date_gmt":"2024-08-25T22:14:55","guid":{"rendered":"https:\/\/cevaplab.org\/get-involved\/"},"modified":"2024-08-29T19:05:05","modified_gmt":"2024-08-29T16:05:05","slug":"get-involved","status":"publish","type":"page","link":"https:\/\/cevaplab.org\/en\/get-involved\/","title":{"rendered":"Get Involved"},"content":{"rendered":"\t\t<div data-elementor-type=\"wp-page\" data-elementor-id=\"802\" class=\"elementor elementor-802 elementor-768\">\n\t\t\t\t\t\t<section class=\"elementor-section elementor-top-section elementor-element elementor-element-ab21df6 elementor-section-boxed elementor-section-height-default elementor-section-height-default\" data-id=\"ab21df6\" data-element_type=\"section\">\n\t\t\t\t\t\t<div class=\"elementor-container elementor-column-gap-default\">\n\t\t\t\t\t<div class=\"elementor-column elementor-col-100 elementor-top-column elementor-element elementor-element-fa2855c\" data-id=\"fa2855c\" data-element_type=\"column\">\n\t\t\t<div class=\"elementor-widget-wrap elementor-element-populated\">\n\t\t\t\t\t\t<div class=\"elementor-element elementor-element-3a4060d elementor-widget elementor-widget-spacer\" data-id=\"3a4060d\" data-element_type=\"widget\" data-widget_type=\"spacer.default\">\n\t\t\t\t<div class=\"elementor-widget-container\">\n\t\t\t<style>\/*! elementor - v3.23.0 - 25-07-2024 *\/\n.elementor-column .elementor-spacer-inner{height:var(--spacer-size)}.e-con{--container-widget-width:100%}.e-con-inner>.elementor-widget-spacer,.e-con>.elementor-widget-spacer{width:var(--container-widget-width,var(--spacer-size));--align-self:var(--container-widget-align-self,initial);--flex-shrink:0}.e-con-inner>.elementor-widget-spacer>.elementor-widget-container,.e-con>.elementor-widget-spacer>.elementor-widget-container{height:100%;width:100%}.e-con-inner>.elementor-widget-spacer>.elementor-widget-container>.elementor-spacer,.e-con>.elementor-widget-spacer>.elementor-widget-container>.elementor-spacer{height:100%}.e-con-inner>.elementor-widget-spacer>.elementor-widget-container>.elementor-spacer>.elementor-spacer-inner,.e-con>.elementor-widget-spacer>.elementor-widget-container>.elementor-spacer>.elementor-spacer-inner{height:var(--container-widget-height,var(--spacer-size))}.e-con-inner>.elementor-widget-spacer.elementor-widget-empty,.e-con>.elementor-widget-spacer.elementor-widget-empty{position:relative;min-height:22px;min-width:22px}.e-con-inner>.elementor-widget-spacer.elementor-widget-empty .elementor-widget-empty-icon,.e-con>.elementor-widget-spacer.elementor-widget-empty .elementor-widget-empty-icon{position:absolute;top:0;bottom:0;left:0;right:0;margin:auto;padding:0;width:22px;height:22px}<\/style>\t\t<div class=\"elementor-spacer\">\n\t\t\t<div class=\"elementor-spacer-inner\"><\/div>\n\t\t<\/div>\n\t\t\t\t<\/div>\n\t\t\t\t<\/div>\n\t\t\t\t\t<\/div>\n\t\t<\/div>\n\t\t\t\t\t<\/div>\n\t\t<\/section>\n\t\t\t\t<section class=\"elementor-section elementor-top-section elementor-element elementor-element-a64fb1c elementor-section-full_width elementor-section-height-default elementor-section-height-default\" data-id=\"a64fb1c\" data-element_type=\"section\">\n\t\t\t\t\t\t<div class=\"elementor-container elementor-column-gap-default\">\n\t\t\t\t\t<div class=\"elementor-column elementor-col-100 elementor-top-column elementor-element elementor-element-dcf4865\" data-id=\"dcf4865\" data-element_type=\"column\">\n\t\t\t<div class=\"elementor-widget-wrap elementor-element-populated\">\n\t\t\t\t\t\t<div class=\"elementor-element elementor-element-2c51dde elementor-widget elementor-widget-heading\" data-id=\"2c51dde\" data-element_type=\"widget\" data-widget_type=\"heading.default\">\n\t\t\t\t<div class=\"elementor-widget-container\">\n\t\t\t<style>\/*! elementor - v3.23.0 - 25-07-2024 *\/\n.elementor-heading-title{padding:0;margin:0;line-height:1}.elementor-widget-heading .elementor-heading-title[class*=elementor-size-]>a{color:inherit;font-size:inherit;line-height:inherit}.elementor-widget-heading .elementor-heading-title.elementor-size-small{font-size:15px}.elementor-widget-heading .elementor-heading-title.elementor-size-medium{font-size:19px}.elementor-widget-heading .elementor-heading-title.elementor-size-large{font-size:29px}.elementor-widget-heading .elementor-heading-title.elementor-size-xl{font-size:39px}.elementor-widget-heading .elementor-heading-title.elementor-size-xxl{font-size:59px}<\/style><h2 class=\"elementor-heading-title elementor-size-default\">Get Involved <hr><\/h2>\t\t<\/div>\n\t\t\t\t<\/div>\n\t\t\t\t\t<\/div>\n\t\t<\/div>\n\t\t\t\t\t<\/div>\n\t\t<\/section>\n\t\t\t\t<section class=\"elementor-section elementor-top-section elementor-element elementor-element-69d172c elementor-section-boxed elementor-section-height-default elementor-section-height-default\" data-id=\"69d172c\" data-element_type=\"section\">\n\t\t\t\t\t\t<div class=\"elementor-container elementor-column-gap-default\">\n\t\t\t\t\t<div class=\"elementor-column elementor-col-33 elementor-top-column elementor-element elementor-element-66bfdb0\" data-id=\"66bfdb0\" data-element_type=\"column\">\n\t\t\t<div class=\"elementor-widget-wrap elementor-element-populated\">\n\t\t\t\t\t\t<div class=\"elementor-element elementor-element-81677dd elementor-position-top elementor-widget elementor-widget-image-box\" data-id=\"81677dd\" data-element_type=\"widget\" data-widget_type=\"image-box.default\">\n\t\t\t\t<div class=\"elementor-widget-container\">\n\t\t\t<style>\/*! elementor - v3.23.0 - 25-07-2024 *\/\n.elementor-widget-image-box .elementor-image-box-content{width:100%}@media (min-width:768px){.elementor-widget-image-box.elementor-position-left .elementor-image-box-wrapper,.elementor-widget-image-box.elementor-position-right .elementor-image-box-wrapper{display:flex}.elementor-widget-image-box.elementor-position-right .elementor-image-box-wrapper{text-align:end;flex-direction:row-reverse}.elementor-widget-image-box.elementor-position-left .elementor-image-box-wrapper{text-align:start;flex-direction:row}.elementor-widget-image-box.elementor-position-top .elementor-image-box-img{margin:auto}.elementor-widget-image-box.elementor-vertical-align-top .elementor-image-box-wrapper{align-items:flex-start}.elementor-widget-image-box.elementor-vertical-align-middle .elementor-image-box-wrapper{align-items:center}.elementor-widget-image-box.elementor-vertical-align-bottom .elementor-image-box-wrapper{align-items:flex-end}}@media (max-width:767px){.elementor-widget-image-box .elementor-image-box-img{margin-left:auto!important;margin-right:auto!important;margin-bottom:15px}}.elementor-widget-image-box .elementor-image-box-img{display:inline-block}.elementor-widget-image-box .elementor-image-box-title a{color:inherit}.elementor-widget-image-box .elementor-image-box-wrapper{text-align:center}.elementor-widget-image-box .elementor-image-box-description{margin:0}<\/style><div class=\"elementor-image-box-wrapper\"><figure class=\"elementor-image-box-img\"><a href=\"http:\/\/cevaplab.com\/exam\/66ced3227bb10\" target=\"_blank\" tabindex=\"-1\"><img fetchpriority=\"high\" decoding=\"async\" width=\"720\" height=\"720\" src=\"https:\/\/cevaplab.org\/wp-content\/uploads\/2024\/08\/deneme-1.png\" class=\"attachment-full size-full wp-image-965\" alt=\"\" srcset=\"https:\/\/cevaplab.org\/wp-content\/uploads\/2024\/08\/deneme-1.png 720w, https:\/\/cevaplab.org\/wp-content\/uploads\/2024\/08\/deneme-1-300x300.png 300w, https:\/\/cevaplab.org\/wp-content\/uploads\/2024\/08\/deneme-1-150x150.png 150w\" sizes=\"(max-width: 720px) 100vw, 720px\" \/><\/a><\/figure><div class=\"elementor-image-box-content\"><h3 class=\"elementor-image-box-title\"><a href=\"http:\/\/cevaplab.com\/exam\/66ced3227bb10\" target=\"_blank\">Science Lit. Test<\/a><\/h3><p class=\"elementor-image-box-description\">Fen okuryazarl\u0131\u011f\u0131 testinde k\u0131sa yan\u0131tl\u0131 25 soru bulunmaktad\u0131r. S\u0131nav ba\u015flang\u0131c\u0131nda dilbilgisi testi ve bilgisayara kar\u015f\u0131 tutum \u00f6l\u00e7e\u011fi yer almaktad\u0131r. <br><a href=\"https:\/\/cevaplab.com\/instruction\"> Sistemin \u00e7al\u0131\u015fma k\u0131lavuzu i\u00e7in t\u0131klay\u0131n\u0131z. <\/a> <br>S\u0131nav \u015fifresi : genel<\/p><\/div><\/div>\t\t<\/div>\n\t\t\t\t<\/div>\n\t\t\t\t\t<\/div>\n\t\t<\/div>\n\t\t\t\t<div class=\"elementor-column elementor-col-33 elementor-top-column elementor-element elementor-element-ec1724f\" data-id=\"ec1724f\" data-element_type=\"column\">\n\t\t\t<div class=\"elementor-widget-wrap elementor-element-populated\">\n\t\t\t\t\t\t<div class=\"elementor-element elementor-element-8a0f1cd elementor-position-top elementor-widget elementor-widget-image-box\" data-id=\"8a0f1cd\" data-element_type=\"widget\" data-widget_type=\"image-box.default\">\n\t\t\t\t<div class=\"elementor-widget-container\">\n\t\t\t<div class=\"elementor-image-box-wrapper\"><figure class=\"elementor-image-box-img\"><a href=\"http:\/\/cevaplab.com\/exam\/66cee58ca9b1b\" target=\"_blank\" tabindex=\"-1\"><img decoding=\"async\" width=\"325\" height=\"339\" src=\"https:\/\/cevaplab.org\/wp-content\/uploads\/2024\/08\/alfabe-2.jpg\" class=\"attachment-full size-full wp-image-916\" alt=\"\" srcset=\"https:\/\/cevaplab.org\/wp-content\/uploads\/2024\/08\/alfabe-2.jpg 325w, https:\/\/cevaplab.org\/wp-content\/uploads\/2024\/08\/alfabe-2-288x300.jpg 288w\" sizes=\"(max-width: 325px) 100vw, 325px\" \/><\/a><\/figure><div class=\"elementor-image-box-content\"><h3 class=\"elementor-image-box-title\"><a href=\"http:\/\/cevaplab.com\/exam\/66cee58ca9b1b\" target=\"_blank\">Turkish Test<\/a><\/h3><p class=\"elementor-image-box-description\">T\u00fcrk\u00e7e testinde k\u0131sa yan\u0131tl\u0131 25 soru bulunmaktad\u0131r. S\u0131nav ba\u015flang\u0131c\u0131nda dilbilgisi testi ve bilgisayara kar\u015f\u0131 tutum \u00f6l\u00e7e\u011fi yer almaktad\u0131r. <br><a href=\"https:\/\/cevaplab.com\/instruction\"> Sistemin \u00e7al\u0131\u015fma k\u0131lavuzu i\u00e7in t\u0131klay\u0131n\u0131z. <\/a> <br>S\u0131nav \u015fifresi : genel<\/p><\/div><\/div>\t\t<\/div>\n\t\t\t\t<\/div>\n\t\t\t\t\t<\/div>\n\t\t<\/div>\n\t\t\t\t<div class=\"elementor-column elementor-col-33 elementor-top-column elementor-element elementor-element-e191c49\" data-id=\"e191c49\" data-element_type=\"column\">\n\t\t\t<div class=\"elementor-widget-wrap elementor-element-populated\">\n\t\t\t\t\t\t<div class=\"elementor-element elementor-element-989e218 elementor-position-top elementor-widget elementor-widget-image-box\" data-id=\"989e218\" data-element_type=\"widget\" data-widget_type=\"image-box.default\">\n\t\t\t\t<div class=\"elementor-widget-container\">\n\t\t\t<div class=\"elementor-image-box-wrapper\"><figure class=\"elementor-image-box-img\"><a href=\"http:\/\/cevaplab.com\/exam\/66cee88a06235\" target=\"_blank\" tabindex=\"-1\"><img decoding=\"async\" width=\"315\" height=\"303\" src=\"https:\/\/cevaplab.org\/wp-content\/uploads\/2024\/08\/Ekran-goruntusu-2024-08-28-142916.png\" class=\"attachment-full size-full wp-image-859\" alt=\"\" srcset=\"https:\/\/cevaplab.org\/wp-content\/uploads\/2024\/08\/Ekran-goruntusu-2024-08-28-142916.png 315w, https:\/\/cevaplab.org\/wp-content\/uploads\/2024\/08\/Ekran-goruntusu-2024-08-28-142916-300x289.png 300w\" sizes=\"(max-width: 315px) 100vw, 315px\" \/><\/a><\/figure><div class=\"elementor-image-box-content\"><h3 class=\"elementor-image-box-title\"><a href=\"http:\/\/cevaplab.com\/exam\/66cee88a06235\" target=\"_blank\">History Test<\/a><\/h3><p class=\"elementor-image-box-description\">Tarih testinde k\u0131sa yan\u0131tl\u0131 25 soru bulunmaktad\u0131r. S\u0131nav ba\u015flang\u0131c\u0131nda dilbilgisi testi ve bilgisayara kar\u015f\u0131 tutum \u00f6l\u00e7e\u011fi yer almaktad\u0131r. <br><a href=\"https:\/\/cevaplab.com\/instruction\"> Sistemin \u00e7al\u0131\u015fma k\u0131lavuzu i\u00e7in t\u0131klay\u0131n\u0131z. <\/a> <br>S\u0131nav \u015fifresi : genel<\/p><\/div><\/div>\t\t<\/div>\n\t\t\t\t<\/div>\n\t\t\t\t\t<\/div>\n\t\t<\/div>\n\t\t\t\t\t<\/div>\n\t\t<\/section>\n\t\t\t\t<section class=\"elementor-section elementor-top-section elementor-element elementor-element-3c9a08b elementor-section-boxed elementor-section-height-default elementor-section-height-default\" data-id=\"3c9a08b\" data-element_type=\"section\">\n\t\t\t\t\t\t<div class=\"elementor-container elementor-column-gap-default\">\n\t\t\t\t\t<div class=\"elementor-column elementor-col-100 elementor-top-column elementor-element elementor-element-b9dec56\" data-id=\"b9dec56\" data-element_type=\"column\">\n\t\t\t<div class=\"elementor-widget-wrap\">\n\t\t\t\t\t\t\t<\/div>\n\t\t<\/div>\n\t\t\t\t\t<\/div>\n\t\t<\/section>\n\t\t\t\t<section class=\"elementor-section elementor-top-section elementor-element elementor-element-5744d36 elementor-section-boxed elementor-section-height-default elementor-section-height-default\" data-id=\"5744d36\" data-element_type=\"section\">\n\t\t\t\t\t\t<div class=\"elementor-container elementor-column-gap-default\">\n\t\t\t\t\t<div class=\"elementor-column elementor-col-100 elementor-top-column elementor-element elementor-element-74af51d\" data-id=\"74af51d\" data-element_type=\"column\">\n\t\t\t<div class=\"elementor-widget-wrap elementor-element-populated\">\n\t\t\t\t\t\t<div class=\"elementor-element elementor-element-d56e016 elementor-position-top elementor-widget elementor-widget-image-box\" data-id=\"d56e016\" data-element_type=\"widget\" data-widget_type=\"image-box.default\">\n\t\t\t\t<div class=\"elementor-widget-container\">\n\t\t\t<div class=\"elementor-image-box-wrapper\"><figure class=\"elementor-image-box-img\"><a href=\"https:\/\/cevaplab.org\/contact\/\" tabindex=\"-1\"><img loading=\"lazy\" decoding=\"async\" width=\"444\" height=\"350\" src=\"https:\/\/cevaplab.org\/wp-content\/uploads\/2024\/08\/aratirmaci.png\" class=\"attachment-full size-full wp-image-998\" alt=\"\" srcset=\"https:\/\/cevaplab.org\/wp-content\/uploads\/2024\/08\/aratirmaci.png 444w, https:\/\/cevaplab.org\/wp-content\/uploads\/2024\/08\/aratirmaci-300x236.png 300w\" sizes=\"(max-width: 444px) 100vw, 444px\" \/><\/a><\/figure><div class=\"elementor-image-box-content\"><h3 class=\"elementor-image-box-title\"><a href=\"https:\/\/cevaplab.org\/contact\/\">Get Involved as a Researcher<\/a><\/h3><p class=\"elementor-image-box-description\">You can propose research collaboration on automated scoring of short-answer questions.<\/p><\/div><\/div>\t\t<\/div>\n\t\t\t\t<\/div>\n\t\t\t\t\t<\/div>\n\t\t<\/div>\n\t\t\t\t\t<\/div>\n\t\t<\/section>\n\t\t\t\t<section class=\"elementor-section elementor-top-section elementor-element elementor-element-29c59fb elementor-section-boxed elementor-section-height-default elementor-section-height-default\" data-id=\"29c59fb\" data-element_type=\"section\">\n\t\t\t\t\t\t<div class=\"elementor-container elementor-column-gap-default\">\n\t\t\t\t\t<div class=\"elementor-column elementor-col-100 elementor-top-column elementor-element elementor-element-186def2\" data-id=\"186def2\" data-element_type=\"column\">\n\t\t\t<div class=\"elementor-widget-wrap elementor-element-populated\">\n\t\t\t\t\t\t<div class=\"elementor-element elementor-element-4151309 elementor-position-top elementor-widget elementor-widget-image-box\" data-id=\"4151309\" data-element_type=\"widget\" data-widget_type=\"image-box.default\">\n\t\t\t\t<div class=\"elementor-widget-container\">\n\t\t\t<div class=\"elementor-image-box-wrapper\"><figure class=\"elementor-image-box-img\"><a href=\"https:\/\/cevaplab.org\/contact\/\" tabindex=\"-1\"><img loading=\"lazy\" decoding=\"async\" width=\"283\" height=\"283\" src=\"https:\/\/cevaplab.org\/wp-content\/uploads\/2024\/08\/el.png\" class=\"attachment-full size-full wp-image-989\" alt=\"\" srcset=\"https:\/\/cevaplab.org\/wp-content\/uploads\/2024\/08\/el.png 283w, https:\/\/cevaplab.org\/wp-content\/uploads\/2024\/08\/el-150x150.png 150w\" sizes=\"(max-width: 283px) 100vw, 283px\" \/><\/a><\/figure><div class=\"elementor-image-box-content\"><h3 class=\"elementor-image-box-title\"><a href=\"https:\/\/cevaplab.org\/contact\/\">Offer Partnership<\/a><\/h3><p class=\"elementor-image-box-description\">You can propose partnership for commercial use of our software<\/p><\/div><\/div>\t\t<\/div>\n\t\t\t\t<\/div>\n\t\t\t\t\t<\/div>\n\t\t<\/div>\n\t\t\t\t\t<\/div>\n\t\t<\/section>\n\t\t\t\t<\/div>\n\t\t","protected":false},"excerpt":{"rendered":"<p>Get Involved Science Lit. Test Fen okuryazarl\u0131\u011f\u0131 testinde k\u0131sa yan\u0131tl\u0131 25 soru bulunmaktad\u0131r. S\u0131nav ba\u015flang\u0131c\u0131nda dilbilgisi testi ve bilgisayara kar\u015f\u0131 tutum \u00f6l\u00e7e\u011fi yer almaktad\u0131r. Sistemin \u00e7al\u0131\u015fma k\u0131lavuzu i\u00e7in t\u0131klay\u0131n\u0131z. S\u0131nav \u015fifresi : genel Turkish Test T\u00fcrk\u00e7e testinde k\u0131sa yan\u0131tl\u0131 25 soru bulunmaktad\u0131r. S\u0131nav ba\u015flang\u0131c\u0131nda dilbilgisi testi ve bilgisayara kar\u015f\u0131 tutum \u00f6l\u00e7e\u011fi yer almaktad\u0131r. Sistemin \u00e7al\u0131\u015fma [&hellip;]<\/p>\n","protected":false},"author":1,"featured_media":0,"parent":0,"menu_order":0,"comment_status":"closed","ping_status":"closed","template":"","meta":{"site-sidebar-layout":"no-sidebar","site-content-layout":"page-builder","ast-site-content-layout":"full-width-container","site-content-style":"default","site-sidebar-style":"default","ast-global-header-display":"","ast-banner-title-visibility":"","ast-main-header-display":"","ast-hfb-above-header-display":"","ast-hfb-below-header-display":"","ast-hfb-mobile-header-display":"","site-post-title":"disabled","ast-breadcrumbs-content":"","ast-featured-img":"disabled","footer-sml-layout":"","theme-transparent-header-meta":"","adv-header-id-meta":"","stick-header-meta":"","header-above-stick-meta":"","header-main-stick-meta":"","header-below-stick-meta":"","astra-migrate-meta-layouts":"default","ast-page-background-enabled":"default","ast-page-background-meta":{"desktop":{"background-color":"var(--ast-global-color-4)","background-image":"","background-repeat":"repeat","background-position":"center center","background-size":"auto","background-attachment":"scroll","background-type":"","background-media":"","overlay-type":"","overlay-color":"","overlay-opacity":"","overlay-gradient":""},"tablet":{"background-color":"","background-image":"","background-repeat":"repeat","background-position":"center center","background-size":"auto","background-attachment":"scroll","background-type":"","background-media":"","overlay-type":"","overlay-color":"","overlay-opacity":"","overlay-gradient":""},"mobile":{"background-color":"","background-image":"","background-repeat":"repeat","background-position":"center center","background-size":"auto","background-attachment":"scroll","background-type":"","background-media":"","overlay-type":"","overlay-color":"","overlay-opacity":"","overlay-gradient":""}},"ast-content-background-meta":{"desktop":{"background-color":"var(--ast-global-color-5)","background-image":"","background-repeat":"repeat","background-position":"center center","background-size":"auto","background-attachment":"scroll","background-type":"","background-media":"","overlay-type":"","overlay-color":"","overlay-opacity":"","overlay-gradient":""},"tablet":{"background-color":"var(--ast-global-color-5)","background-image":"","background-repeat":"repeat","background-position":"center center","background-size":"auto","background-attachment":"scroll","background-type":"","background-media":"","overlay-type":"","overlay-color":"","overlay-opacity":"","overlay-gradient":""},"mobile":{"background-color":"var(--ast-global-color-5)","background-image":"","background-repeat":"repeat","background-position":"center center","background-size":"auto","background-attachment":"scroll","background-type":"","background-media":"","overlay-type":"","overlay-color":"","overlay-opacity":"","overlay-gradient":""}},"footnotes":""},"class_list":["post-802","page","type-page","status-publish","hentry"],"_links":{"self":[{"href":"https:\/\/cevaplab.org\/en\/wp-json\/wp\/v2\/pages\/802","targetHints":{"allow":["GET"]}}],"collection":[{"href":"https:\/\/cevaplab.org\/en\/wp-json\/wp\/v2\/pages"}],"about":[{"href":"https:\/\/cevaplab.org\/en\/wp-json\/wp\/v2\/types\/page"}],"author":[{"embeddable":true,"href":"https:\/\/cevaplab.org\/en\/wp-json\/wp\/v2\/users\/1"}],"replies":[{"embeddable":true,"href":"https:\/\/cevaplab.org\/en\/wp-json\/wp\/v2\/comments?post=802"}],"version-history":[{"count":14,"href":"https:\/\/cevaplab.org\/en\/wp-json\/wp\/v2\/pages\/802\/revisions"}],"predecessor-version":[{"id":1063,"href":"https:\/\/cevaplab.org\/en\/wp-json\/wp\/v2\/pages\/802\/revisions\/1063"}],"wp:attachment":[{"href":"https:\/\/cevaplab.org\/en\/wp-json\/wp\/v2\/media?parent=802"}],"curies":[{"name":"wp","href":"https:\/\/api.w.org\/{rel}","templated":true}]}}